{"id":2452,"date":"2018-09-10T20:19:32","date_gmt":"2018-09-10T18:19:32","guid":{"rendered":"https:\/\/www.neomedpolska.pl\/contact\/"},"modified":"2018-09-14T11:35:32","modified_gmt":"2018-09-14T09:35:32","slug":"contact","status":"publish","type":"page","link":"https:\/\/www.neomedpolska.pl\/en\/contact\/","title":{"rendered":"Contact"},"content":{"rendered":"<div id=\"pl-2452\"  class=\"panel-layout\" ><div id=\"pg-2452-0\"  class=\"panel-grid panel-has-style\" ><div class=\"siteorigin-panels-stretch panel-row-style panel-row-style-for-2452-0\" data-stretch-type=\"full-stretched-padded\" ><div id=\"pgc-2452-0-0\"  class=\"panel-grid-cell\" ><div id=\"panel-2452-0-0-0\" class=\"so-panel widget widget_sow-editor panel-first-child panel-last-child\" data-index=\"0\" ><div\n\t\t\t\n\t\t\tclass=\"so-widget-sow-editor so-widget-sow-editor-base\"\n\t\t\t\n\t\t>\n<div class=\"siteorigin-widget-tinymce textwidget\">\n\t<p>\t<iframe loading=\"lazy\" src=\"https:\/\/www.google.com\/maps\/embed?pb=!1m14!1m8!1m3!1d9817.491180986783!2d21.1061909!3d52.0365229!3m2!1i1024!2i768!4f13.1!3m3!1m2!1s0x0%3A0x8cfd34b8ad704d18!2sNeomed+Polska+Hurtownia+medyczna!5e0!3m2!1spl!2spl!4v1532449811657\" width=\"100%\" height=\"450\" frameborder=\"0\" style=\"border:0\" allowfullscreen=\"\"><\/iframe><\/p>\n<\/div>\n<\/div><\/div><\/div><\/div><\/div><div id=\"pg-2452-1\"  class=\"panel-grid panel-has-style\" ><div id=\"neomedcategory\" class=\"panel-row-style panel-row-style-for-2452-1\" ><div id=\"pgc-2452-1-0\"  class=\"panel-grid-cell\" ><div id=\"panel-2452-1-0-0\" class=\"so-panel widget widget_sow-editor panel-first-child panel-last-child\" data-index=\"1\" ><div class=\"panel-widget-style panel-widget-style-for-2452-1-0-0\" ><div\n\t\t\t\n\t\t\tclass=\"so-widget-sow-editor so-widget-sow-editor-base\"\n\t\t\t\n\t\t>\n<div class=\"siteorigin-widget-tinymce textwidget\">\n\t<h4 style=\"color:#079BBD;\">Neomed Polska Sp\u00f3\u0142ka z o.o. sp. k.<\/h4>\n<p><span class=\"icon-container\"><span class=\"fa fa-home\"><\/span><\/span> 05-532 Baniocha, Szyman\u00f3w<\/p>\n<hr>\n<p><small><span class=\"icon-container\"><span class=\"fa fa-chevron-circle-right\"><\/span><\/span>&nbsp;NIP&nbsp;1231326541 <span class=\"icon-container\"><span class=\"fa fa-chevron-circle-right\"><\/span><\/span>&nbsp;REGON&nbsp;365664645 <span class=\"icon-container\"><span class=\"fa fa-chevron-circle-right\"><\/span><\/span>&nbsp;KRS&nbsp;0000642169<\/small><\/p>\n<\/div>\n<\/div><\/div><\/div><\/div><div id=\"pgc-2452-1-1\"  class=\"panel-grid-cell\" ><div id=\"panel-2452-1-1-0\" class=\"so-panel widget widget_sow-editor panel-first-child panel-last-child\" data-index=\"2\" ><div class=\"panel-widget-style panel-widget-style-for-2452-1-1-0\" ><div\n\t\t\t\n\t\t\tclass=\"so-widget-sow-editor so-widget-sow-editor-base\"\n\t\t\t\n\t\t>\n<div class=\"siteorigin-widget-tinymce textwidget\">\n\t<p style=\"line-height: 0px; margin-top: 10px;\">Phone:<\/p>\n<h4 style=\"color: #66d0cc;\"><span class=\"icon-container\"><span class=\"fa fa fa-phone\"><\/span><\/span>  +48 22 736 74 00<\/h4>\n<p><span class=\"icon-container\"><span class=\"fa fa-fax\"><\/span><\/span> fax +48 22 736 74 09<br \/>\n<span class=\"icon-container\"><span class=\"fa fa-fax\"><\/span><\/span> fax +48 22 736 74 10<\/p>\n<\/div>\n<\/div><\/div><\/div><\/div><\/div><\/div><div id=\"pg-2452-2\"  class=\"panel-grid panel-has-style\" ><div class=\"siteorigin-panels-stretch panel-row-style panel-row-style-for-2452-2\" data-stretch-type=\"full\" ><div id=\"pgc-2452-2-0\"  class=\"panel-grid-cell\" ><div id=\"panel-2452-2-0-0\" class=\"so-panel widget widget_sow-editor panel-first-child panel-last-child\" data-index=\"3\" ><div class=\"contact-light panel-widget-style panel-widget-style-for-2452-2-0-0\" ><div\n\t\t\t\n\t\t\tclass=\"so-widget-sow-editor so-widget-sow-editor-base\"\n\t\t\t\n\t\t>\n<div class=\"siteorigin-widget-tinymce textwidget\">\n\t<p>&nbsp;<\/p>\n<h2 style=\"text-align: center;\">Contact Us<\/h2>\n\n<div class=\"wpcf7 no-js\" id=\"wpcf7-f2462-o1\" lang=\"en-US\" dir=\"ltr\" data-wpcf7-id=\"2462\">\n<div class=\"screen-reader-response\"><p role=\"status\" aria-live=\"polite\" aria-atomic=\"true\"><\/p> <ul><\/ul><\/div>\n<form action=\"\/en\/wp-json\/wp\/v2\/pages\/2452#wpcf7-f2462-o1\" method=\"post\" class=\"wpcf7-form init\" aria-label=\"Contact form\" novalidate=\"novalidate\" data-status=\"init\">\n<fieldset class=\"hidden-fields-container\"><input type=\"hidden\" name=\"_wpcf7\" value=\"2462\" \/><input type=\"hidden\" name=\"_wpcf7_version\" value=\"6.1.5\" \/><input type=\"hidden\" name=\"_wpcf7_locale\" value=\"en_US\" \/><input type=\"hidden\" name=\"_wpcf7_unit_tag\" value=\"wpcf7-f2462-o1\" \/><input type=\"hidden\" name=\"_wpcf7_container_post\" value=\"0\" \/><input type=\"hidden\" name=\"_wpcf7_posted_data_hash\" value=\"\" \/><input type=\"hidden\" name=\"_wpcf7_recaptcha_response\" value=\"\" \/>\n<\/fieldset>\n<div class=\"row\">\n\t<div class=\"col-xs-12  col-lg-4\">\n\t\t<p><span class=\"wpcf7-form-control-wrap\" data-name=\"your-name\"><input size=\"40\" maxlength=\"400\" class=\"wpcf7-form-control wpcf7-text wpcf7-validates-as-required form-control\" aria-required=\"true\" aria-invalid=\"false\" placeholder=\"Your name*\" value=\"\" type=\"text\" name=\"your-name\" \/><\/span>\n\t\t<\/p>\n\t<\/div>\n\t<div class=\"col-xs-12  col-lg-4\">\n\t\t<p><span class=\"wpcf7-form-control-wrap\" data-name=\"your-email\"><input size=\"40\" maxlength=\"400\" class=\"wpcf7-form-control wpcf7-email wpcf7-validates-as-required wpcf7-text wpcf7-validates-as-email form-control\" aria-required=\"true\" aria-invalid=\"false\" placeholder=\"E-mail*\" value=\"\" type=\"email\" name=\"your-email\" \/><\/span>\n\t\t<\/p>\n\t<\/div>\n\t<div class=\"col-xs-12  col-lg-4\">\n\t\t<p><span class=\"wpcf7-form-control-wrap\" data-name=\"your-subject\"><input size=\"40\" maxlength=\"400\" class=\"wpcf7-form-control wpcf7-text form-control\" aria-invalid=\"false\" placeholder=\"Subject\" value=\"\" type=\"text\" name=\"your-subject\" \/><\/span>\n\t\t<\/p>\n\t<\/div>\n\t<div class=\"col-xs-12\">\n\t\t<p><span class=\"wpcf7-form-control-wrap\" data-name=\"your-message\"><textarea cols=\"40\" rows=\"10\" maxlength=\"2000\" class=\"wpcf7-form-control wpcf7-textarea form-control\" aria-invalid=\"false\" placeholder=\"Message\" name=\"your-message\"><\/textarea><\/span><small><strong>Declaration of consent for processing of personal data<\/strong><\/small>\n\t\t<\/p>\n\t\t<p><small><span class=\"wpcf7-form-control-wrap\" data-name=\"acceptance-799\"><span class=\"wpcf7-form-control wpcf7-acceptance\"><span class=\"wpcf7-list-item\"><label><input type=\"checkbox\" name=\"acceptance-799\" value=\"1\" aria-invalid=\"false\" \/><span class=\"wpcf7-list-item-label\">I agree to the processing of my personal data for the purpose of processing this inquiry. Providing the data is voluntary, but necessary to process the query. I have been informed that I have the right to access my data, the ability to correct it and delete it. The administrator of personal data is Neomed Polska Sp. z o.o., 05-501 Piaseczno, ul. Or\u0119\u017cna 6a.<\/span><\/label><\/span><\/span><\/span><\/small><br \/>\n<small><span class=\"wpcf7-form-control-wrap\" data-name=\"acceptance-798\"><span class=\"wpcf7-form-control wpcf7-acceptance\"><span class=\"wpcf7-list-item\"><label><input type=\"checkbox\" name=\"acceptance-798\" value=\"1\" aria-invalid=\"false\" \/><span class=\"wpcf7-list-item-label\">I consent to the processing of my personal data for marketing purposes. Providing data is voluntary. I have been informed that I have the right to access my data, the possibility of correcting it and deleting it. The administrator of personal data is Neomed Polska Sp. z o.o., 05-501 Piaseczno, ul. Or\u0119\u017cna 6a.<\/span><\/label><\/span><\/span><\/span><\/small>\n\t\t<\/p>\n\t\t<p><input class=\"wpcf7-form-control wpcf7-submit has-spinner btn btn-secondary\" type=\"submit\" value=\"Send\" \/>\n\t\t<\/p>\n\t<\/div>\n<\/div><div class=\"wpcf7-response-output\" aria-hidden=\"true\"><\/div>\n<\/form>\n<\/div>\n\n<\/div>\n<\/div><\/div><\/div><\/div><\/div><\/div><div id=\"pg-2452-3\"  class=\"panel-grid panel-no-style\" ><div id=\"pgc-2452-3-0\"  class=\"panel-grid-cell\" ><div id=\"panel-2452-3-0-0\" class=\"so-panel widget widget_sow-editor panel-first-child panel-last-child\" data-index=\"4\" ><div\n\t\t\t\n\t\t\tclass=\"so-widget-sow-editor so-widget-sow-editor-base\"\n\t\t\t\n\t\t>\n<div class=\"siteorigin-widget-tinymce textwidget\">\n\t<p>&nbsp;<\/p>\n<p style=\"text-align: center;\"><strong>Departments<\/strong><\/p>\n<\/div>\n<\/div><\/div><\/div><\/div><div id=\"pg-2452-4\"  class=\"panel-grid panel-no-style\" ><div id=\"pgc-2452-4-0\"  class=\"panel-grid-cell\" ><div id=\"panel-2452-4-0-0\" class=\"so-panel widget widget_pw_person_profile widget-person-profile panel-first-child panel-last-child\" data-index=\"5\" >\n\t<div class=\"person-profile  h-card\">\n\t\t\t\t\t\t<div class=\"person-profile__container\">\n\t\t\t<div class=\"person-profile__basic-info\">\n\t\t\t\t\n\t\t\t\t\t\t\t\t\t<div class=\"person-profile__label\">\n\t\t\t\t\t\tSecretary&#039;s Office\t\t\t\t\t<\/div>\n\t\t\t\t\n\t\t\t<\/div>\n\n\t\t\t\t\t\t\t<div class=\"h4 person-profile__location\">\n\t\t\t\t\t+48 22 736 74 14\t\t\t\t<\/div>\n\t\t\t\n\t\t\t\n\t\t\t\t\t\t\t<div class=\"person-profile__icon-list  icon-list\">\n\t\t\t\t\t\t\t\t\t\t\t<a href=\"mailto:biuro@neomedpolska.pl\" class=\"icon-list__item  icon-list__item--default\">\n\t\t\t\t\t\t\t<i class=\"fa  fa-envelope-o\" aria-hidden=\"true\"><\/i>\n\t\t\t\t\t\t\t\t\t\t\t\t\t\t\t<div class=\"icon-list__text\">\n\t\t\t\t\t\t\t\t\tContact\t\t\t\t\t\t\t\t<\/div>\n\t\t\t\t\t\t\t\t\t\t\t\t\t<\/a>\n\t\t\t\t\t\t\t\t\t<\/div>\n\t\t\t\n\t\t\t\n\t\t<\/div>\n\t<\/div>\n\n<\/div><\/div><div id=\"pgc-2452-4-1\"  class=\"panel-grid-cell\" ><div id=\"panel-2452-4-1-0\" class=\"so-panel widget widget_pw_person_profile widget-person-profile panel-first-child panel-last-child\" data-index=\"6\" >\n\t<div class=\"person-profile  h-card\">\n\t\t\t\t\t\t<div class=\"person-profile__container\">\n\t\t\t<div class=\"person-profile__basic-info\">\n\t\t\t\t\n\t\t\t\t\t\t\t\t\t<div class=\"person-profile__label\">\n\t\t\t\t\t\tAccounting Department\t\t\t\t\t<\/div>\n\t\t\t\t\n\t\t\t<\/div>\n\n\t\t\t\t\t\t\t<div class=\"h4 person-profile__location\">\n\t\t\t\t\t+48 22 736 74 19\t\t\t\t<\/div>\n\t\t\t\n\t\t\t\n\t\t\t\t\t\t\t<div class=\"person-profile__icon-list  icon-list\">\n\t\t\t\t\t\t\t\t\t\t\t<a href=\"mailto:ks@neomedpolska.pl\" class=\"icon-list__item  icon-list__item--default\">\n\t\t\t\t\t\t\t<i class=\"fa  fa-envelope-o\" aria-hidden=\"true\"><\/i>\n\t\t\t\t\t\t\t\t\t\t\t\t\t\t\t<div class=\"icon-list__text\">\n\t\t\t\t\t\t\t\t\tContact\t\t\t\t\t\t\t\t<\/div>\n\t\t\t\t\t\t\t\t\t\t\t\t\t<\/a>\n\t\t\t\t\t\t\t\t\t<\/div>\n\t\t\t\n\t\t\t\n\t\t<\/div>\n\t<\/div>\n\n<\/div><\/div><div id=\"pgc-2452-4-2\"  class=\"panel-grid-cell\" ><div id=\"panel-2452-4-2-0\" class=\"so-panel widget widget_pw_person_profile widget-person-profile panel-first-child panel-last-child\" data-index=\"7\" >\n\t<div class=\"person-profile  h-card\">\n\t\t\t\t\t\t<div class=\"person-profile__container\">\n\t\t\t<div class=\"person-profile__basic-info\">\n\t\t\t\t\n\t\t\t\t\t\t\t\t\t<div class=\"person-profile__label\">\n\t\t\t\t\t\tLogistics and Import Department\t\t\t\t\t<\/div>\n\t\t\t\t\n\t\t\t<\/div>\n\n\t\t\t\t\t\t\t<div class=\"h4 person-profile__location\">\n\t\t\t\t\t+48 22 736 74 22\t\t\t\t<\/div>\n\t\t\t\n\t\t\t\n\t\t\t\t\t\t\t<div class=\"person-profile__icon-list  icon-list\">\n\t\t\t\t\t\t\t\t\t\t\t<a href=\"mailto:log@neomedpolska.pl\" class=\"icon-list__item  icon-list__item--default\">\n\t\t\t\t\t\t\t<i class=\"fa  fa-envelope-o\" aria-hidden=\"true\"><\/i>\n\t\t\t\t\t\t\t\t\t\t\t\t\t\t\t<div class=\"icon-list__text\">\n\t\t\t\t\t\t\t\t\tContact\t\t\t\t\t\t\t\t<\/div>\n\t\t\t\t\t\t\t\t\t\t\t\t\t<\/a>\n\t\t\t\t\t\t\t\t\t<\/div>\n\t\t\t\n\t\t\t\n\t\t<\/div>\n\t<\/div>\n\n<\/div><\/div><\/div><div id=\"pg-2452-5\"  class=\"panel-grid panel-no-style\" ><div id=\"pgc-2452-5-0\"  class=\"panel-grid-cell\" ><div id=\"panel-2452-5-0-0\" class=\"so-panel widget widget_pw_person_profile widget-person-profile panel-first-child panel-last-child\" data-index=\"8\" >\n\t<div class=\"person-profile  h-card\">\n\t\t\t\t\t\t<div class=\"person-profile__container\">\n\t\t\t<div class=\"person-profile__basic-info\">\n\t\t\t\t\n\t\t\t\t\t\t\t\t\t<div class=\"person-profile__label\">\n\t\t\t\t\t\tSales Department\t\t\t\t\t<\/div>\n\t\t\t\t\n\t\t\t<\/div>\n\n\t\t\t\t\t\t\t<div class=\"h4 person-profile__location\">\n\t\t\t\t\t+48 22 736 74 00\t\t\t\t<\/div>\n\t\t\t\n\t\t\t\n\t\t\t\t\t\t\t<div class=\"person-profile__icon-list  icon-list\">\n\t\t\t\t\t\t\t\t\t\t\t<a href=\"mailto:dok@neomedpolska.pl\" class=\"icon-list__item  icon-list__item--default\">\n\t\t\t\t\t\t\t<i class=\"fa  fa-envelope-o\" aria-hidden=\"true\"><\/i>\n\t\t\t\t\t\t\t\t\t\t\t\t\t\t\t<div class=\"icon-list__text\">\n\t\t\t\t\t\t\t\t\tContact\t\t\t\t\t\t\t\t<\/div>\n\t\t\t\t\t\t\t\t\t\t\t\t\t<\/a>\n\t\t\t\t\t\t\t\t\t<\/div>\n\t\t\t\n\t\t\t\n\t\t<\/div>\n\t<\/div>\n\n<\/div><\/div><div id=\"pgc-2452-5-1\"  class=\"panel-grid-cell\" ><div id=\"panel-2452-5-1-0\" class=\"so-panel widget widget_pw_person_profile widget-person-profile panel-first-child panel-last-child\" data-index=\"9\" >\n\t<div class=\"person-profile  h-card\">\n\t\t\t\t\t\t<div class=\"person-profile__container\">\n\t\t\t<div class=\"person-profile__basic-info\">\n\t\t\t\t\n\t\t\t\t\t\t\t\t\t<div class=\"person-profile__label\">\n\t\t\t\t\t\tPublic Procurement Department\t\t\t\t\t<\/div>\n\t\t\t\t\n\t\t\t<\/div>\n\n\t\t\t\t\t\t\t<div class=\"h4 person-profile__location\">\n\t\t\t\t\t+48 22 736 74 12\t\t\t\t<\/div>\n\t\t\t\n\t\t\t\n\t\t\t\t\t\t\t<div class=\"person-profile__icon-list  icon-list\">\n\t\t\t\t\t\t\t\t\t\t\t<a href=\"mailto:info@neomedpolska.pl\" class=\"icon-list__item  icon-list__item--default\">\n\t\t\t\t\t\t\t<i class=\"fa  fa-envelope-o\" aria-hidden=\"true\"><\/i>\n\t\t\t\t\t\t\t\t\t\t\t\t\t\t\t<div class=\"icon-list__text\">\n\t\t\t\t\t\t\t\t\tContact\t\t\t\t\t\t\t\t<\/div>\n\t\t\t\t\t\t\t\t\t\t\t\t\t<\/a>\n\t\t\t\t\t\t\t\t\t<\/div>\n\t\t\t\n\t\t\t\n\t\t<\/div>\n\t<\/div>\n\n<\/div><\/div><div id=\"pgc-2452-5-2\"  class=\"panel-grid-cell\" ><div id=\"panel-2452-5-2-0\" class=\"so-panel widget widget_pw_person_profile widget-person-profile panel-first-child panel-last-child\" data-index=\"10\" >\n\t<div class=\"person-profile  h-card\">\n\t\t\t\t\t\t<div class=\"person-profile__container\">\n\t\t\t<div class=\"person-profile__basic-info\">\n\t\t\t\t\n\t\t\t\t\t\t\t\t\t<div class=\"person-profile__label\">\n\t\t\t\t\t\tWarehouse\t\t\t\t\t<\/div>\n\t\t\t\t\n\t\t\t<\/div>\n\n\t\t\t\t\t\t\t<div class=\"h4 person-profile__location\">\n\t\t\t\t\t+48 22 736 74 07\t\t\t\t<\/div>\n\t\t\t\n\t\t\t\n\t\t\t\t\t\t\t<div class=\"person-profile__icon-list  icon-list\">\n\t\t\t\t\t\t\t\t\t\t\t<a href=\"mailto:magazyn@neomedpolska.pl\" class=\"icon-list__item  icon-list__item--default\">\n\t\t\t\t\t\t\t<i class=\"fa  fa-envelope-o\" aria-hidden=\"true\"><\/i>\n\t\t\t\t\t\t\t\t\t\t\t\t\t\t\t<div class=\"icon-list__text\">\n\t\t\t\t\t\t\t\t\tContact\t\t\t\t\t\t\t\t<\/div>\n\t\t\t\t\t\t\t\t\t\t\t\t\t<\/a>\n\t\t\t\t\t\t\t\t\t<\/div>\n\t\t\t\n\t\t\t\n\t\t<\/div>\n\t<\/div>\n\n<\/div><\/div><\/div><div id=\"pg-2452-6\"  class=\"panel-grid panel-no-style\" ><div id=\"pgc-2452-6-0\"  class=\"panel-grid-cell\" ><div id=\"panel-2452-6-0-0\" class=\"so-panel widget widget_sow-editor panel-first-child panel-last-child\" data-index=\"11\" ><div\n\t\t\t\n\t\t\tclass=\"so-widget-sow-editor so-widget-sow-editor-base\"\n\t\t\t\n\t\t>\n<div class=\"siteorigin-widget-tinymce textwidget\">\n\t<p>&nbsp;<\/p>\n<p style=\"text-align: center;\"><strong>Commercial representatives<\/strong><\/p>\n<\/div>\n<\/div><\/div><\/div><\/div><div id=\"pg-2452-7\"  class=\"panel-grid panel-no-style\" ><div id=\"pgc-2452-7-0\"  class=\"panel-grid-cell\" ><div id=\"panel-2452-7-0-0\" class=\"so-panel widget widget_pw_person_profile widget-person-profile panel-first-child panel-last-child\" data-index=\"12\" >\n\t<div class=\"person-profile  h-card\">\n\t\t\t\t\t\t<div class=\"person-profile__container\">\n\t\t\t<div class=\"person-profile__basic-info\">\n\t\t\t\t\n\t\t\t\t\t\t\t\t\t<div class=\"person-profile__label\">\n\t\t\t\t\t\tAnna Korzuch\t\t\t\t\t<\/div>\n\t\t\t\t\n\t\t\t<\/div>\n\n\t\t\t\t\t\t\t<div class=\"h4 person-profile__location\">\n\t\t\t\t\t+48 607 665 025\t\t\t\t<\/div>\n\t\t\t\n\t\t\t\n\t\t\t\t\t\t\t<div class=\"person-profile__icon-list  icon-list\">\n\t\t\t\t\t\t\t\t\t\t\t<a href=\"mailto:anna.korzuch@neomedpolska.pl\" class=\"icon-list__item  icon-list__item--default\">\n\t\t\t\t\t\t\t<i class=\"fa  fa-envelope-o\" aria-hidden=\"true\"><\/i>\n\t\t\t\t\t\t\t\t\t\t\t\t\t\t\t<div class=\"icon-list__text\">\n\t\t\t\t\t\t\t\t\tContact\t\t\t\t\t\t\t\t<\/div>\n\t\t\t\t\t\t\t\t\t\t\t\t\t<\/a>\n\t\t\t\t\t\t\t\t\t<\/div>\n\t\t\t\n\t\t\t\n\t\t<\/div>\n\t<\/div>\n\n<\/div><\/div><div id=\"pgc-2452-7-1\"  class=\"panel-grid-cell\" ><div id=\"panel-2452-7-1-0\" class=\"so-panel widget widget_pw_person_profile widget-person-profile panel-first-child panel-last-child\" data-index=\"13\" >\n\t<div class=\"person-profile  h-card\">\n\t\t\t\t\t\t<div class=\"person-profile__container\">\n\t\t\t<div class=\"person-profile__basic-info\">\n\t\t\t\t\n\t\t\t\t\t\t\t\t\t<div class=\"person-profile__label\">\n\t\t\t\t\t\tKatarzyna Baraniecka\t\t\t\t\t<\/div>\n\t\t\t\t\n\t\t\t<\/div>\n\n\t\t\t\t\t\t\t<div class=\"h4 person-profile__location\">\n\t\t\t\t\t+48 603 983 745\t\t\t\t<\/div>\n\t\t\t\n\t\t\t\n\t\t\t\t\t\t\t<div class=\"person-profile__icon-list  icon-list\">\n\t\t\t\t\t\t\t\t\t\t\t<a href=\"mailto:Katarzyna.baraniecka@neomedpolska.pl\" class=\"icon-list__item  icon-list__item--default\">\n\t\t\t\t\t\t\t<i class=\"fa  fa-envelope-o\" aria-hidden=\"true\"><\/i>\n\t\t\t\t\t\t\t\t\t\t\t\t\t\t\t<div class=\"icon-list__text\">\n\t\t\t\t\t\t\t\t\tContact\t\t\t\t\t\t\t\t<\/div>\n\t\t\t\t\t\t\t\t\t\t\t\t\t<\/a>\n\t\t\t\t\t\t\t\t\t<\/div>\n\t\t\t\n\t\t\t\n\t\t<\/div>\n\t<\/div>\n\n<\/div><\/div><div id=\"pgc-2452-7-2\"  class=\"panel-grid-cell\" ><div id=\"panel-2452-7-2-0\" class=\"so-panel widget widget_pw_person_profile widget-person-profile panel-first-child panel-last-child\" data-index=\"14\" >\n\t<div class=\"person-profile  h-card\">\n\t\t\t\t\t\t<div class=\"person-profile__container\">\n\t\t\t<div class=\"person-profile__basic-info\">\n\t\t\t\t\n\t\t\t\t\t\t\t\t\t<div class=\"person-profile__label\">\n\t\t\t\t\t\tMicha\u0142 Libudzki\t\t\t\t\t<\/div>\n\t\t\t\t\n\t\t\t<\/div>\n\n\t\t\t\t\t\t\t<div class=\"h4 person-profile__location\">\n\t\t\t\t\t+48 604 058 780\t\t\t\t<\/div>\n\t\t\t\n\t\t\t\n\t\t\t\t\t\t\t<div class=\"person-profile__icon-list  icon-list\">\n\t\t\t\t\t\t\t\t\t\t\t<a href=\"mailto:Michal.libudzki@neomedpolska.pl\" class=\"icon-list__item  icon-list__item--default\">\n\t\t\t\t\t\t\t<i class=\"fa  fa-envelope-o\" aria-hidden=\"true\"><\/i>\n\t\t\t\t\t\t\t\t\t\t\t\t\t\t\t<div class=\"icon-list__text\">\n\t\t\t\t\t\t\t\t\tContact\t\t\t\t\t\t\t\t<\/div>\n\t\t\t\t\t\t\t\t\t\t\t\t\t<\/a>\n\t\t\t\t\t\t\t\t\t<\/div>\n\t\t\t\n\t\t\t\n\t\t<\/div>\n\t<\/div>\n\n<\/div><\/div><\/div><div id=\"pg-2452-8\"  class=\"panel-grid panel-no-style\" ><div id=\"pgc-2452-8-0\"  class=\"panel-grid-cell panel-grid-cell-empty panel-grid-cell-mobile-last\" ><\/div><div id=\"pgc-2452-8-1\"  class=\"panel-grid-cell panel-grid-cell-empty\" ><\/div><\/div><\/div>","protected":false},"excerpt":{"rendered":"<p>Neomed Polska Sp\u00f3\u0142ka z o.o. sp. k. 05-532 Baniocha, Szyman\u00f3w &nbsp;NIP&nbsp;1231326541 &nbsp;REGON&nbsp;365664645 &nbsp;KRS&nbsp;0000642169 Phone: +48 22 736 74 00 fax +48 22 736 74 09 fax +48 22 736 74 10<\/p>\n","protected":false},"author":2,"featured_media":0,"parent":0,"menu_order":12,"comment_status":"closed","ping_status":"closed","template":"","meta":{"_acf_changed":false,"_monsterinsights_skip_tracking":false,"_monsterinsights_sitenote_active":false,"_monsterinsights_sitenote_note":"","_monsterinsights_sitenote_category":0,"footnotes":""},"class_list":{"0":"post-2452","1":"page","2":"type-page","3":"status-publish","5":"clearfix","6":"article"},"acf":[],"_links":{"self":[{"href":"https:\/\/www.neomedpolska.pl\/en\/wp-json\/wp\/v2\/pages\/2452","targetHints":{"allow":["GET"]}}],"collection":[{"href":"https:\/\/www.neomedpolska.pl\/en\/wp-json\/wp\/v2\/pages"}],"about":[{"href":"https:\/\/www.neomedpolska.pl\/en\/wp-json\/wp\/v2\/types\/page"}],"author":[{"embeddable":true,"href":"https:\/\/www.neomedpolska.pl\/en\/wp-json\/wp\/v2\/users\/2"}],"replies":[{"embeddable":true,"href":"https:\/\/www.neomedpolska.pl\/en\/wp-json\/wp\/v2\/comments?post=2452"}],"version-history":[{"count":12,"href":"https:\/\/www.neomedpolska.pl\/en\/wp-json\/wp\/v2\/pages\/2452\/revisions"}],"predecessor-version":[{"id":2566,"href":"https:\/\/www.neomedpolska.pl\/en\/wp-json\/wp\/v2\/pages\/2452\/revisions\/2566"}],"wp:attachment":[{"href":"https:\/\/www.neomedpolska.pl\/en\/wp-json\/wp\/v2\/media?parent=2452"}],"curies":[{"name":"wp","href":"https:\/\/api.w.org\/{rel}","templated":true}]}}